{"id":7896,"date":"2024-05-30T09:33:44","date_gmt":"2024-05-30T09:33:44","guid":{"rendered":"https:\/\/concellodeourol.es\/turismo\/"},"modified":"2025-04-21T17:25:19","modified_gmt":"2025-04-21T17:25:19","slug":"turismo","status":"publish","type":"page","link":"https:\/\/concellodeourol.es\/es\/turismo\/","title":{"rendered":"Turismo"},"content":{"rendered":"\t\t<div data-elementor-type=\"wp-page\" data-elementor-id=\"7896\" class=\"elementor elementor-7896 elementor-6521\">\n\t\t\t\t\t\t<section class=\"elementor-section elementor-top-section elementor-element elementor-element-641427f elementor-section-boxed elementor-section-height-default elementor-section-height-default\" data-id=\"641427f\" data-element_type=\"section\">\n\t\t\t\t\t\t<div class=\"elementor-container elementor-column-gap-default\">\n\t\t\t\t\t<div class=\"elementor-column elementor-col-100 elementor-top-column elementor-element elementor-element-a4478cd\" data-id=\"a4478cd\" data-element_type=\"column\">\n\t\t\t<div class=\"elementor-widget-wrap elementor-element-populated\">\n\t\t\t\t\t\t<section class=\"elementor-section elementor-inner-section elementor-element elementor-element-3476dfe elementor-section-boxed elementor-section-height-default elementor-section-height-default\" data-id=\"3476dfe\" data-element_type=\"section\">\n\t\t\t\t\t\t<div class=\"elementor-container elementor-column-gap-default\">\n\t\t\t\t\t<div class=\"elementor-column elementor-col-100 elementor-inner-column elementor-element elementor-element-9be51e1\" data-id=\"9be51e1\" data-element_type=\"column\">\n\t\t\t<div class=\"elementor-widget-wrap elementor-element-populated\">\n\t\t\t\t\t\t<div class=\"elementor-element elementor-element-a163a01 elementor-widget__width-initial elementor-widget-tablet__width-initial elementor-widget-mobile__width-initial elementor-widget elementor-widget-ova_heading\" data-id=\"a163a01\" data-element_type=\"widget\" data-widget_type=\"ova_heading.default\">\n\t\t\t\t<div class=\"elementor-widget-container\">\n\t\t\t\t\t<div class=\"ova-heading\">\n\t\t\t\n\t\t\t\t\t\t\t<h3 class=\"title second_font\">Turismo. Descubre Ourol<\/h3>\n\t\t\t\n\t\t\t\t\t\t\t<p class=\"sub-title \">Ourol dispone de gran cantidad de recursos tur\u00edsticos, sobre todo patrimoniales, hist\u00f3ricos y naturales.<\/p>\n\t\t\t\n\t\t<\/div>\n\t\t\t\t<\/div>\n\t\t\t\t<\/div>\n\t\t\t\t<div class=\"elementor-element elementor-element-9b1c434 elementor-widget elementor-widget-video\" data-id=\"9b1c434\" data-element_type=\"widget\" data-settings=\"{&quot;video_type&quot;:&quot;hosted&quot;,&quot;autoplay&quot;:&quot;yes&quot;,&quot;controls&quot;:&quot;yes&quot;}\" data-widget_type=\"video.default\">\n\t\t\t\t<div class=\"elementor-widget-container\">\n\t\t\t<style>\/*! elementor - v3.21.0 - 08-05-2024 *\/\n.elementor-widget-video .elementor-widget-container{overflow:hidden;transform:translateZ(0)}.elementor-widget-video .elementor-wrapper{aspect-ratio:var(--video-aspect-ratio)}.elementor-widget-video .elementor-wrapper iframe,.elementor-widget-video .elementor-wrapper video{height:100%;width:100%;display:flex;border:none;background-color:#000}@supports not (aspect-ratio:1\/1){.elementor-widget-video .elementor-wrapper{position:relative;overflow:hidden;height:0;padding-bottom:calc(100% \/ var(--video-aspect-ratio))}.elementor-widget-video .elementor-wrapper iframe,.elementor-widget-video .elementor-wrapper video{position:absolute;top:0;right:0;bottom:0;left:0}}.elementor-widget-video .elementor-open-inline .elementor-custom-embed-image-overlay{position:absolute;top:0;right:0;bottom:0;left:0;background-size:cover;background-position:50%}.elementor-widget-video .elementor-custom-embed-image-overlay{cursor:pointer;text-align:center}.elementor-widget-video .elementor-custom-embed-image-overlay:hover .elementor-custom-embed-play i{opacity:1}.elementor-widget-video .elementor-custom-embed-image-overlay img{display:block;width:100%;aspect-ratio:var(--video-aspect-ratio);-o-object-fit:cover;object-fit:cover;-o-object-position:center center;object-position:center center}@supports not (aspect-ratio:1\/1){.elementor-widget-video .elementor-custom-embed-image-overlay{position:relative;overflow:hidden;height:0;padding-bottom:calc(100% \/ var(--video-aspect-ratio))}.elementor-widget-video .elementor-custom-embed-image-overlay img{position:absolute;top:0;right:0;bottom:0;left:0}}.elementor-widget-video .e-hosted-video .elementor-video{-o-object-fit:cover;object-fit:cover}.e-con-inner>.elementor-widget-video,.e-con>.elementor-widget-video{width:var(--container-widget-width);--flex-grow:var(--container-widget-flex-grow)}<\/style>\t\t<div class=\"e-hosted-video elementor-wrapper elementor-open-inline\">\n\t\t\t\t\t<video class=\"elementor-video\" src=\"https:\/\/concellodeourol.es\/Vidaeos\/turismo-ourol.mp4\" autoplay=\"\" controls=\"\" controlsList=\"nodownload\" poster=\"https:\/\/concellodeourol.es\/wp-content\/uploads\/2025\/04\/video-promocion-turismo-ourol.webp\"><\/video>\n\t\t\t\t<\/div>\n\t\t\t\t<\/div>\n\t\t\t\t<\/div>\n\t\t\t\t\t<\/div>\n\t\t<\/div>\n\t\t\t\t\t<\/div>\n\t\t<\/section>\n\t\t\t\t<div class=\"elementor-element elementor-element-7ac24a4 elementor-widget elementor-widget-ova_archive_dep\" data-id=\"7ac24a4\" data-element_type=\"widget\" data-widget_type=\"ova_archive_dep.default\">\n\t\t\t\t<div class=\"elementor-widget-container\">\n\t\t\t\n\n<div class=\"ova_archive_dep archive_dep two_column\">\n\t<div class=\"content\">\n\t\t\n\t\t\t<div class=\"items elementor-items\">\n\t\t\t\t<div class=\"wp-item\">\n\t\t\t\t\n\t\t\t\t<div class=\"ova-media\">\n\t\t\t\t\t<a href=\"https:\/\/concellodeourol.es\/es\/ova_dep\/ruta-indiana\/\">\n\t\t\t\t\t\t<img fetchpriority=\"high\" decoding=\"async\" width=\"1024\" height=\"504\" src=\"https:\/\/concellodeourol.es\/wp-content\/uploads\/2024\/05\/casa-indiana-ourol-1024x504.webp\" class=\"img-responsive wp-post-image\" alt=\"\" srcset=\"https:\/\/concellodeourol.es\/wp-content\/uploads\/2024\/05\/casa-indiana-ourol-1024x504.webp 1024w, https:\/\/concellodeourol.es\/wp-content\/uploads\/2024\/05\/casa-indiana-ourol-300x148.webp 300w, https:\/\/concellodeourol.es\/wp-content\/uploads\/2024\/05\/casa-indiana-ourol-768x378.webp 768w, https:\/\/concellodeourol.es\/wp-content\/uploads\/2024\/05\/casa-indiana-ourol-1536x756.webp 1536w, https:\/\/concellodeourol.es\/wp-content\/uploads\/2024\/05\/casa-indiana-ourol-600x296.webp 600w, https:\/\/concellodeourol.es\/wp-content\/uploads\/2024\/05\/casa-indiana-ourol-560x276.webp 560w, https:\/\/concellodeourol.es\/wp-content\/uploads\/2024\/05\/casa-indiana-ourol.webp 1600w\" sizes=\"(max-width: 1024px) 100vw, 1024px\" \/>\t\t\t\t\t<\/a>\n\t\t\t\t<\/div>\n\t\t\t\t<div class=\"ova-content\">\n\t\t\t\t\t\t\t\t\t\t\t<div class=\"icon\">\n\t\t\t\t\t\t\t<span>\n\t\t\t\t\t\t\t\t<i class=\"flaticon-apartment\"><\/i>\n\t\t\t\t\t\t\t<\/span>\n\t\t\t\t\t\t<\/div>\n\t\t\t\t\t\t\t\t\t\t\t\t\t\t\t<h2 class=\"title\">\n\t\t\t\t\t\t<a class=\"second_font\" href=\"https:\/\/concellodeourol.es\/es\/ova_dep\/ruta-indiana\/\">\n\t\t\t\t\t\t\tRuta Indiana\t\t\t\t\t\t<\/a>\n\t\t\t\t\t<\/h2>\n\t\t\t\t\t\t\t\t\t\t\t\t\t\t\t\t<div class=\"descption\">\n\t\t\t\t\t\t\tO eco da emigraci\u00f3n a\u00ednda persiste hoxe nas casas de estilo colonial\t\t\t\t\t\t<\/div>\n\t\t\t\t\t\t\t\t\t\t\t\t\t\t\t<a class=\"second_font readmore\" href=\"https:\/\/concellodeourol.es\/es\/ova_dep\/ruta-indiana\/\" >\n\t\t\t\t\t\tVer m\u00e1s\t\t\t\t\t\t<i data-feather=\"arrow-right\"><\/i>\n\t\t\t\t\t<\/a>\n\t\t\t\t\t\t\t\t\t<\/div>\n\n\t\t\t\t<\/div>\n\t\t\t<\/div>\n\n\t\t\n\t\t\t<div class=\"items elementor-items\">\n\t\t\t\t<div class=\"wp-item\">\n\t\t\t\t\n\t\t\t\t<div class=\"ova-media\">\n\t\t\t\t\t<a href=\"https:\/\/concellodeourol.es\/es\/ova_dep\/aloxamento\/\">\n\t\t\t\t\t\t<img decoding=\"async\" width=\"1024\" height=\"492\" src=\"https:\/\/concellodeourol.es\/wp-content\/uploads\/2024\/06\/Ecovillage-viso-ourol-1024x492.webp\" class=\"img-responsive wp-post-image\" alt=\"\" srcset=\"https:\/\/concellodeourol.es\/wp-content\/uploads\/2024\/06\/Ecovillage-viso-ourol-1024x492.webp 1024w, https:\/\/concellodeourol.es\/wp-content\/uploads\/2024\/06\/Ecovillage-viso-ourol-300x144.webp 300w, https:\/\/concellodeourol.es\/wp-content\/uploads\/2024\/06\/Ecovillage-viso-ourol-768x369.webp 768w, https:\/\/concellodeourol.es\/wp-content\/uploads\/2024\/06\/Ecovillage-viso-ourol-1536x738.webp 1536w, https:\/\/concellodeourol.es\/wp-content\/uploads\/2024\/06\/Ecovillage-viso-ourol-600x288.webp 600w, https:\/\/concellodeourol.es\/wp-content\/uploads\/2024\/06\/Ecovillage-viso-ourol-560x269.webp 560w, https:\/\/concellodeourol.es\/wp-content\/uploads\/2024\/06\/Ecovillage-viso-ourol.webp 1600w\" sizes=\"(max-width: 1024px) 100vw, 1024px\" \/>\t\t\t\t\t<\/a>\n\t\t\t\t<\/div>\n\t\t\t\t<div class=\"ova-content\">\n\t\t\t\t\t\t\t\t\t\t\t<div class=\"icon\">\n\t\t\t\t\t\t\t<span>\n\t\t\t\t\t\t\t\t<i class=\"flaticon-buckingham-palace\"><\/i>\n\t\t\t\t\t\t\t<\/span>\n\t\t\t\t\t\t<\/div>\n\t\t\t\t\t\t\t\t\t\t\t\t\t\t\t<h2 class=\"title\">\n\t\t\t\t\t\t<a class=\"second_font\" href=\"https:\/\/concellodeourol.es\/es\/ova_dep\/aloxamento\/\">\n\t\t\t\t\t\t\tAlojamiento\t\t\t\t\t\t<\/a>\n\t\t\t\t\t<\/h2>\n\t\t\t\t\t\t\t\t\t\t\t\t\t\t\t\t<div class=\"descption\">\n\t\t\t\t\t\t\tOnde quedarte aloxado e descansar.\t\t\t\t\t\t<\/div>\n\t\t\t\t\t\t\t\t\t\t\t\t\t\t\t<a class=\"second_font readmore\" href=\"https:\/\/concellodeourol.es\/es\/ova_dep\/aloxamento\/\" >\n\t\t\t\t\t\tVer m\u00e1s\t\t\t\t\t\t<i data-feather=\"arrow-right\"><\/i>\n\t\t\t\t\t<\/a>\n\t\t\t\t\t\t\t\t\t<\/div>\n\n\t\t\t\t<\/div>\n\t\t\t<\/div>\n\n\t\t\n\t\t\t<div class=\"items elementor-items\">\n\t\t\t\t<div class=\"wp-item\">\n\t\t\t\t\n\t\t\t\t<div class=\"ova-media\">\n\t\t\t\t\t<a href=\"https:\/\/concellodeourol.es\/es\/ova_dep\/lugares-de-interese\/\">\n\t\t\t\t\t\t<img decoding=\"async\" width=\"1024\" height=\"504\" src=\"https:\/\/concellodeourol.es\/wp-content\/uploads\/2024\/06\/Nuestro-entorno-Cascada-de-fervenza-do-rio-xestosa-1-1024x504.jpg\" class=\"img-responsive wp-post-image\" alt=\"\" srcset=\"https:\/\/concellodeourol.es\/wp-content\/uploads\/2024\/06\/Nuestro-entorno-Cascada-de-fervenza-do-rio-xestosa-1-1024x504.jpg 1024w, https:\/\/concellodeourol.es\/wp-content\/uploads\/2024\/06\/Nuestro-entorno-Cascada-de-fervenza-do-rio-xestosa-1-300x148.jpg 300w, https:\/\/concellodeourol.es\/wp-content\/uploads\/2024\/06\/Nuestro-entorno-Cascada-de-fervenza-do-rio-xestosa-1-768x378.jpg 768w, https:\/\/concellodeourol.es\/wp-content\/uploads\/2024\/06\/Nuestro-entorno-Cascada-de-fervenza-do-rio-xestosa-1-1536x756.jpg 1536w, https:\/\/concellodeourol.es\/wp-content\/uploads\/2024\/06\/Nuestro-entorno-Cascada-de-fervenza-do-rio-xestosa-1-600x296.jpg 600w, https:\/\/concellodeourol.es\/wp-content\/uploads\/2024\/06\/Nuestro-entorno-Cascada-de-fervenza-do-rio-xestosa-1-560x276.jpg 560w, https:\/\/concellodeourol.es\/wp-content\/uploads\/2024\/06\/Nuestro-entorno-Cascada-de-fervenza-do-rio-xestosa-1.jpg 1600w\" sizes=\"(max-width: 1024px) 100vw, 1024px\" \/>\t\t\t\t\t<\/a>\n\t\t\t\t<\/div>\n\t\t\t\t<div class=\"ova-content\">\n\t\t\t\t\t\t\t\t\t\t\t<div class=\"icon\">\n\t\t\t\t\t\t\t<span>\n\t\t\t\t\t\t\t\t<i class=\"flaticon-directions\"><\/i>\n\t\t\t\t\t\t\t<\/span>\n\t\t\t\t\t\t<\/div>\n\t\t\t\t\t\t\t\t\t\t\t\t\t\t\t<h2 class=\"title\">\n\t\t\t\t\t\t<a class=\"second_font\" href=\"https:\/\/concellodeourol.es\/es\/ova_dep\/lugares-de-interese\/\">\n\t\t\t\t\t\t\tLugares de Inter\u00e9s\t\t\t\t\t\t<\/a>\n\t\t\t\t\t<\/h2>\n\t\t\t\t\t\t\t\t\t\t\t\t\t\t\t\t<div class=\"descption\">\n\t\t\t\t\t\t\tLugares que non podes deixar de visitar.\t\t\t\t\t\t<\/div>\n\t\t\t\t\t\t\t\t\t\t\t\t\t\t\t<a class=\"second_font readmore\" href=\"https:\/\/concellodeourol.es\/es\/ova_dep\/lugares-de-interese\/\" >\n\t\t\t\t\t\tVer m\u00e1s\t\t\t\t\t\t<i data-feather=\"arrow-right\"><\/i>\n\t\t\t\t\t<\/a>\n\t\t\t\t\t\t\t\t\t<\/div>\n\n\t\t\t\t<\/div>\n\t\t\t<\/div>\n\n\t\t\n\t\t\t<div class=\"items elementor-items\">\n\t\t\t\t<div class=\"wp-item\">\n\t\t\t\t\n\t\t\t\t<div class=\"ova-media\">\n\t\t\t\t\t<a href=\"https:\/\/concellodeourol.es\/es\/ova_dep\/gastronomia-e-restauracion\/\">\n\t\t\t\t\t\t<img loading=\"lazy\" decoding=\"async\" width=\"1024\" height=\"505\" src=\"https:\/\/concellodeourol.es\/wp-content\/uploads\/2024\/06\/Casa-balsa-concello-ourol-bar-1024x505.webp\" class=\"img-responsive wp-post-image\" alt=\"\" srcset=\"https:\/\/concellodeourol.es\/wp-content\/uploads\/2024\/06\/Casa-balsa-concello-ourol-bar-1024x505.webp 1024w, https:\/\/concellodeourol.es\/wp-content\/uploads\/2024\/06\/Casa-balsa-concello-ourol-bar-300x148.webp 300w, https:\/\/concellodeourol.es\/wp-content\/uploads\/2024\/06\/Casa-balsa-concello-ourol-bar-768x379.webp 768w, https:\/\/concellodeourol.es\/wp-content\/uploads\/2024\/06\/Casa-balsa-concello-ourol-bar-600x296.webp 600w, https:\/\/concellodeourol.es\/wp-content\/uploads\/2024\/06\/Casa-balsa-concello-ourol-bar-560x276.webp 560w, https:\/\/concellodeourol.es\/wp-content\/uploads\/2024\/06\/Casa-balsa-concello-ourol-bar.webp 1536w\" sizes=\"(max-width: 1024px) 100vw, 1024px\" \/>\t\t\t\t\t<\/a>\n\t\t\t\t<\/div>\n\t\t\t\t<div class=\"ova-content\">\n\t\t\t\t\t\t\t\t\t\t\t<div class=\"icon\">\n\t\t\t\t\t\t\t<span>\n\t\t\t\t\t\t\t\t<i class=\"flaticon-beer-tap\"><\/i>\n\t\t\t\t\t\t\t<\/span>\n\t\t\t\t\t\t<\/div>\n\t\t\t\t\t\t\t\t\t\t\t\t\t\t\t<h2 class=\"title\">\n\t\t\t\t\t\t<a class=\"second_font\" href=\"https:\/\/concellodeourol.es\/es\/ova_dep\/gastronomia-e-restauracion\/\">\n\t\t\t\t\t\t\tGastronom\u00eda y Restauraci\u00f3n\t\t\t\t\t\t<\/a>\n\t\t\t\t\t<\/h2>\n\t\t\t\t\t\t\t\t\t\t\t\t\t\t\t\t<div class=\"descption\">\n\t\t\t\t\t\t\tOnde comer e gozar da nosa gastronom\u00eda.\t\t\t\t\t\t<\/div>\n\t\t\t\t\t\t\t\t\t\t\t\t\t\t\t<a class=\"second_font readmore\" href=\"https:\/\/concellodeourol.es\/es\/ova_dep\/gastronomia-e-restauracion\/\" >\n\t\t\t\t\t\tVer m\u00e1s\t\t\t\t\t\t<i data-feather=\"arrow-right\"><\/i>\n\t\t\t\t\t<\/a>\n\t\t\t\t\t\t\t\t\t<\/div>\n\n\t\t\t\t<\/div>\n\t\t\t<\/div>\n\n\t\t\t<\/div>\n\n\n\n<\/div>\n\n\n\t\t<\/div>\n\t\t\t\t<\/div>\n\t\t\t\t\t<\/div>\n\t\t<\/div>\n\t\t\t\t\t<\/div>\n\t\t<\/section>\n\t\t\t\t<\/div>\n\t\t","protected":false},"excerpt":{"rendered":"<p>Turismo. Descubre Ourol Ourol dispone de gran cantidad de recursos tur\u00edsticos, sobre todo patrimoniales, hist\u00f3ricos y naturales. https:\/\/concellodeourol.es\/Vidaeos\/turismo-ourol.mp4 Ruta Indiana O eco da emigraci\u00f3n a\u00ednda persiste hoxe nas casas de estilo colonial Ler M\u00e1is Alojamiento Onde quedarte aloxado e descansar. Ler M\u00e1is Lugares de Inter\u00e9s Lugares que non podes deixar de visitar. Ler M\u00e1is Gastronom\u00eda [&hellip;]<\/p>\n","protected":false},"author":1,"featured_media":7529,"parent":0,"menu_order":0,"comment_status":"closed","ping_status":"closed","template":"elementor_header_footer","meta":{"footnotes":""},"class_list":["post-7896","page","type-page","status-publish","has-post-thumbnail","hentry"],"yoast_head":"<!-- This site is optimized with the Yoast SEO plugin v25.0 - https:\/\/yoast.com\/wordpress\/plugins\/seo\/ -->\n<title>Turismo - Concello de Ourol<\/title>\n<meta name=\"robots\" content=\"index, follow, max-snippet:-1, max-image-preview:large, max-video-preview:-1\" \/>\n<link rel=\"canonical\" href=\"https:\/\/concellodeourol.es\/es\/turismo\/\" \/>\n<meta property=\"og:locale\" content=\"es_ES\" \/>\n<meta property=\"og:type\" content=\"article\" \/>\n<meta property=\"og:title\" content=\"Turismo - Concello de Ourol\" \/>\n<meta property=\"og:description\" content=\"Turismo. Descubre Ourol Ourol dispone de gran cantidad de recursos tur\u00edsticos, sobre todo patrimoniales, hist\u00f3ricos y naturales. https:\/\/concellodeourol.es\/Vidaeos\/turismo-ourol.mp4 Ruta Indiana O eco da emigraci\u00f3n a\u00ednda persiste hoxe nas casas de estilo colonial Ler M\u00e1is Alojamiento Onde quedarte aloxado e descansar. Ler M\u00e1is Lugares de Inter\u00e9s Lugares que non podes deixar de visitar. Ler M\u00e1is Gastronom\u00eda [&hellip;]\" \/>\n<meta property=\"og:url\" content=\"https:\/\/concellodeourol.es\/es\/turismo\/\" \/>\n<meta property=\"og:site_name\" content=\"Concello de Ourol\" \/>\n<meta property=\"article:publisher\" content=\"https:\/\/www.facebook.com\/ConcelloOurol\/\" \/>\n<meta property=\"article:modified_time\" content=\"2025-04-21T17:25:19+00:00\" \/>\n<meta property=\"og:image\" content=\"https:\/\/concellodeourol.es\/wp-content\/uploads\/2024\/05\/casa-indiana-ourol.webp\" \/>\n\t<meta property=\"og:image:width\" content=\"1600\" \/>\n\t<meta property=\"og:image:height\" content=\"788\" \/>\n\t<meta property=\"og:image:type\" content=\"image\/webp\" \/>\n<meta name=\"twitter:card\" content=\"summary_large_image\" \/>\n<meta name=\"twitter:label1\" content=\"Tiempo de lectura\" \/>\n\t<meta name=\"twitter:data1\" content=\"2 minutos\" \/>\n<script type=\"application\/ld+json\" class=\"yoast-schema-graph\">{\"@context\":\"https:\/\/schema.org\",\"@graph\":[{\"@type\":\"WebPage\",\"@id\":\"https:\/\/concellodeourol.es\/es\/turismo\/\",\"url\":\"https:\/\/concellodeourol.es\/es\/turismo\/\",\"name\":\"Turismo - Concello de Ourol\",\"isPartOf\":{\"@id\":\"https:\/\/concellodeourol.es\/#website\"},\"primaryImageOfPage\":{\"@id\":\"https:\/\/concellodeourol.es\/es\/turismo\/#primaryimage\"},\"image\":{\"@id\":\"https:\/\/concellodeourol.es\/es\/turismo\/#primaryimage\"},\"thumbnailUrl\":\"https:\/\/concellodeourol.es\/wp-content\/uploads\/2024\/05\/casa-indiana-ourol.webp\",\"datePublished\":\"2024-05-30T09:33:44+00:00\",\"dateModified\":\"2025-04-21T17:25:19+00:00\",\"breadcrumb\":{\"@id\":\"https:\/\/concellodeourol.es\/es\/turismo\/#breadcrumb\"},\"inLanguage\":\"es\",\"potentialAction\":[{\"@type\":\"ReadAction\",\"target\":[\"https:\/\/concellodeourol.es\/es\/turismo\/\"]}]},{\"@type\":\"ImageObject\",\"inLanguage\":\"es\",\"@id\":\"https:\/\/concellodeourol.es\/es\/turismo\/#primaryimage\",\"url\":\"https:\/\/concellodeourol.es\/wp-content\/uploads\/2024\/05\/casa-indiana-ourol.webp\",\"contentUrl\":\"https:\/\/concellodeourol.es\/wp-content\/uploads\/2024\/05\/casa-indiana-ourol.webp\",\"width\":1600,\"height\":788},{\"@type\":\"BreadcrumbList\",\"@id\":\"https:\/\/concellodeourol.es\/es\/turismo\/#breadcrumb\",\"itemListElement\":[{\"@type\":\"ListItem\",\"position\":1,\"name\":\"Inicio\",\"item\":\"https:\/\/concellodeourol.es\/es\/\"},{\"@type\":\"ListItem\",\"position\":2,\"name\":\"Turismo\"}]},{\"@type\":\"WebSite\",\"@id\":\"https:\/\/concellodeourol.es\/#website\",\"url\":\"https:\/\/concellodeourol.es\/\",\"name\":\"Concello de Ourol\",\"description\":\"Informaci\u00f3n y Servicios\",\"publisher\":{\"@id\":\"https:\/\/concellodeourol.es\/#organization\"},\"potentialAction\":[{\"@type\":\"SearchAction\",\"target\":{\"@type\":\"EntryPoint\",\"urlTemplate\":\"https:\/\/concellodeourol.es\/?s={search_term_string}\"},\"query-input\":{\"@type\":\"PropertyValueSpecification\",\"valueRequired\":true,\"valueName\":\"search_term_string\"}}],\"inLanguage\":\"es\"},{\"@type\":\"Organization\",\"@id\":\"https:\/\/concellodeourol.es\/#organization\",\"name\":\"Concello de Ourol\",\"url\":\"https:\/\/concellodeourol.es\/\",\"logo\":{\"@type\":\"ImageObject\",\"inLanguage\":\"es\",\"@id\":\"https:\/\/concellodeourol.es\/#\/schema\/logo\/image\/\",\"url\":\"https:\/\/concellodeourol.es\/wp-content\/uploads\/2024\/05\/Escudo-Horizontal-concello-ourol.webp\",\"contentUrl\":\"https:\/\/concellodeourol.es\/wp-content\/uploads\/2024\/05\/Escudo-Horizontal-concello-ourol.webp\",\"width\":450,\"height\":197,\"caption\":\"Concello de Ourol\"},\"image\":{\"@id\":\"https:\/\/concellodeourol.es\/#\/schema\/logo\/image\/\"},\"sameAs\":[\"https:\/\/www.facebook.com\/ConcelloOurol\/\",\"https:\/\/www.instagram.com\/biblioourol\/?hl=es\"]}]}<\/script>\n<!-- \/ Yoast SEO plugin. -->","yoast_head_json":{"title":"Turismo - Concello de Ourol","robots":{"index":"index","follow":"follow","max-snippet":"max-snippet:-1","max-image-preview":"max-image-preview:large","max-video-preview":"max-video-preview:-1"},"canonical":"https:\/\/concellodeourol.es\/es\/turismo\/","og_locale":"es_ES","og_type":"article","og_title":"Turismo - Concello de Ourol","og_description":"Turismo. Descubre Ourol Ourol dispone de gran cantidad de recursos tur\u00edsticos, sobre todo patrimoniales, hist\u00f3ricos y naturales. https:\/\/concellodeourol.es\/Vidaeos\/turismo-ourol.mp4 Ruta Indiana O eco da emigraci\u00f3n a\u00ednda persiste hoxe nas casas de estilo colonial Ler M\u00e1is Alojamiento Onde quedarte aloxado e descansar. Ler M\u00e1is Lugares de Inter\u00e9s Lugares que non podes deixar de visitar. Ler M\u00e1is Gastronom\u00eda [&hellip;]","og_url":"https:\/\/concellodeourol.es\/es\/turismo\/","og_site_name":"Concello de Ourol","article_publisher":"https:\/\/www.facebook.com\/ConcelloOurol\/","article_modified_time":"2025-04-21T17:25:19+00:00","og_image":[{"width":1600,"height":788,"url":"https:\/\/concellodeourol.es\/wp-content\/uploads\/2024\/05\/casa-indiana-ourol.webp","type":"image\/webp"}],"twitter_card":"summary_large_image","twitter_misc":{"Tiempo de lectura":"2 minutos"},"schema":{"@context":"https:\/\/schema.org","@graph":[{"@type":"WebPage","@id":"https:\/\/concellodeourol.es\/es\/turismo\/","url":"https:\/\/concellodeourol.es\/es\/turismo\/","name":"Turismo - Concello de Ourol","isPartOf":{"@id":"https:\/\/concellodeourol.es\/#website"},"primaryImageOfPage":{"@id":"https:\/\/concellodeourol.es\/es\/turismo\/#primaryimage"},"image":{"@id":"https:\/\/concellodeourol.es\/es\/turismo\/#primaryimage"},"thumbnailUrl":"https:\/\/concellodeourol.es\/wp-content\/uploads\/2024\/05\/casa-indiana-ourol.webp","datePublished":"2024-05-30T09:33:44+00:00","dateModified":"2025-04-21T17:25:19+00:00","breadcrumb":{"@id":"https:\/\/concellodeourol.es\/es\/turismo\/#breadcrumb"},"inLanguage":"es","potentialAction":[{"@type":"ReadAction","target":["https:\/\/concellodeourol.es\/es\/turismo\/"]}]},{"@type":"ImageObject","inLanguage":"es","@id":"https:\/\/concellodeourol.es\/es\/turismo\/#primaryimage","url":"https:\/\/concellodeourol.es\/wp-content\/uploads\/2024\/05\/casa-indiana-ourol.webp","contentUrl":"https:\/\/concellodeourol.es\/wp-content\/uploads\/2024\/05\/casa-indiana-ourol.webp","width":1600,"height":788},{"@type":"BreadcrumbList","@id":"https:\/\/concellodeourol.es\/es\/turismo\/#breadcrumb","itemListElement":[{"@type":"ListItem","position":1,"name":"Inicio","item":"https:\/\/concellodeourol.es\/es\/"},{"@type":"ListItem","position":2,"name":"Turismo"}]},{"@type":"WebSite","@id":"https:\/\/concellodeourol.es\/#website","url":"https:\/\/concellodeourol.es\/","name":"Concello de Ourol","description":"Informaci\u00f3n y Servicios","publisher":{"@id":"https:\/\/concellodeourol.es\/#organization"},"potentialAction":[{"@type":"SearchAction","target":{"@type":"EntryPoint","urlTemplate":"https:\/\/concellodeourol.es\/?s={search_term_string}"},"query-input":{"@type":"PropertyValueSpecification","valueRequired":true,"valueName":"search_term_string"}}],"inLanguage":"es"},{"@type":"Organization","@id":"https:\/\/concellodeourol.es\/#organization","name":"Concello de Ourol","url":"https:\/\/concellodeourol.es\/","logo":{"@type":"ImageObject","inLanguage":"es","@id":"https:\/\/concellodeourol.es\/#\/schema\/logo\/image\/","url":"https:\/\/concellodeourol.es\/wp-content\/uploads\/2024\/05\/Escudo-Horizontal-concello-ourol.webp","contentUrl":"https:\/\/concellodeourol.es\/wp-content\/uploads\/2024\/05\/Escudo-Horizontal-concello-ourol.webp","width":450,"height":197,"caption":"Concello de Ourol"},"image":{"@id":"https:\/\/concellodeourol.es\/#\/schema\/logo\/image\/"},"sameAs":["https:\/\/www.facebook.com\/ConcelloOurol\/","https:\/\/www.instagram.com\/biblioourol\/?hl=es"]}]}},"_links":{"self":[{"href":"https:\/\/concellodeourol.es\/es\/wp-json\/wp\/v2\/pages\/7896"}],"collection":[{"href":"https:\/\/concellodeourol.es\/es\/wp-json\/wp\/v2\/pages"}],"about":[{"href":"https:\/\/concellodeourol.es\/es\/wp-json\/wp\/v2\/types\/page"}],"author":[{"embeddable":true,"href":"https:\/\/concellodeourol.es\/es\/wp-json\/wp\/v2\/users\/1"}],"replies":[{"embeddable":true,"href":"https:\/\/concellodeourol.es\/es\/wp-json\/wp\/v2\/comments?post=7896"}],"version-history":[{"count":7,"href":"https:\/\/concellodeourol.es\/es\/wp-json\/wp\/v2\/pages\/7896\/revisions"}],"predecessor-version":[{"id":8539,"href":"https:\/\/concellodeourol.es\/es\/wp-json\/wp\/v2\/pages\/7896\/revisions\/8539"}],"wp:featuredmedia":[{"embeddable":true,"href":"https:\/\/concellodeourol.es\/es\/wp-json\/wp\/v2\/media\/7529"}],"wp:attachment":[{"href":"https:\/\/concellodeourol.es\/es\/wp-json\/wp\/v2\/media?parent=7896"}],"curies":[{"name":"wp","href":"https:\/\/api.w.org\/{rel}","templated":true}]}}