{"id":7818,"date":"2024-05-24T15:54:30","date_gmt":"2024-05-24T15:54:30","guid":{"rendered":"https:\/\/concellodeourol.es\/benvida-do-alcalde\/"},"modified":"2024-07-23T21:22:36","modified_gmt":"2024-07-23T21:22:36","slug":"benvida-do-alcalde","status":"publish","type":"page","link":"https:\/\/concellodeourol.es\/es\/benvida-do-alcalde\/","title":{"rendered":"Bienvenida del Alcalde"},"content":{"rendered":"\t\t<div data-elementor-type=\"wp-page\" data-elementor-id=\"7818\" class=\"elementor elementor-7818 elementor-6408\">\n\t\t\t\t\t\t<section class=\"elementor-section elementor-top-section elementor-element elementor-element-3d96fe1 elementor-section-boxed elementor-section-height-default elementor-section-height-default\" data-id=\"3d96fe1\" data-element_type=\"section\" data-settings=\"{&quot;background_background&quot;:&quot;classic&quot;}\">\n\t\t\t\t\t\t<div class=\"elementor-container elementor-column-gap-default\">\n\t\t\t\t\t<div class=\"elementor-column elementor-col-50 elementor-top-column elementor-element elementor-element-12e1eac\" data-id=\"12e1eac\" data-element_type=\"column\">\n\t\t\t<div class=\"elementor-widget-wrap elementor-element-populated\">\n\t\t\t\t\t\t<div class=\"elementor-element elementor-element-5d86dce elementor-widget elementor-widget-ova_heading\" data-id=\"5d86dce\" data-element_type=\"widget\" data-widget_type=\"ova_heading.default\">\n\t\t\t\t<div class=\"elementor-widget-container\">\n\t\t\t\t\t<div class=\"ova-heading\">\n\t\t\t\n\t\t\t\t\t\t\t<h3 class=\"title second_font\">Bienvenida del Alcalde<\/h3>\n\t\t\t\n\t\t\t\t\t\t\t<p class=\"sub-title \">Desde Ourol, municipio enclavado en el interior de la Mari\u00f1a Occidental, en nombre propio y en el del Ayuntamiento que me honro de presidir, env\u00edo un cari\u00f1oso y sincero saludo a todas aquellas personas que visiten estas p\u00e1ginas y muy especialmente a nuestros vecinos que se encuentran m\u00e1s all\u00e1 de nuestras fronteras, aprovechando la ocasi\u00f3n que se nos brinda desde Internet. Espero personalmente que estas p\u00e1ginas sirvan para lo que realmente fueron concebidas y dise\u00f1adas: Dar a conocer a todos los visitantes de esta p\u00e1gina web nuestro pueblo, ofreciendo cada d\u00eda m\u00e1s y mejores servicios a nuestros conciudadanos y convirtiendo este medio en un aut\u00e9ntico espacio \u00fatil y din\u00e1mico en el que todos los ourolenses tengamos cabida y un punto de encuentro.<br><br>\n\nPermitidme que os haga llegar una invitaci\u00f3n para que os traslad\u00e9is hasta Ourol, y lo que veis a trav\u00e9s de estas p\u00e1ginas, lo conozc\u00e1is en vivo, disfrutando de nuestro paisaje, nuestra gastronom\u00eda, cultura, tradiciones, y por supuesto, de la hospitalidad de nuestras gentes, que os acoger\u00e1n de forma que ser\u00e1 dif\u00edcil de olvidar vuestra estancia aqu\u00ed.\n\nEsperando vuestra visita.\n\nUn afectuoso saludo.<\/p>\n\t\t\t\n\t\t<\/div>\n\t\t\t\t<\/div>\n\t\t\t\t<\/div>\n\t\t\t\t<div class=\"elementor-element elementor-element-e5fb335 elementor-widget elementor-widget-text-editor\" data-id=\"e5fb335\" data-element_type=\"widget\" data-widget_type=\"text-editor.default\">\n\t\t\t\t<div class=\"elementor-widget-container\">\n\t\t\t<style>\/*! elementor - v3.21.0 - 08-05-2024 *\/\n.elementor-widget-text-editor.elementor-drop-cap-view-stacked .elementor-drop-cap{background-color:#69727d;color:#fff}.elementor-widget-text-editor.elementor-drop-cap-view-framed .elementor-drop-cap{color:#69727d;border:3px solid;background-color:transparent}.elementor-widget-text-editor:not(.elementor-drop-cap-view-default) .elementor-drop-cap{margin-top:8px}.elementor-widget-text-editor:not(.elementor-drop-cap-view-default) .elementor-drop-cap-letter{width:1em;height:1em}.elementor-widget-text-editor .elementor-drop-cap{float:left;text-align:center;line-height:1;font-size:50px}.elementor-widget-text-editor .elementor-drop-cap-letter{display:inline-block}<\/style>\t\t\t\t<p><span class=\"second_font\" style=\"color: #202b5d; line-height: 24px;\">&#8211; <b>Jos\u00e9 Luis Paj\u00f3n Camba<\/b>,<\/span><\/p><p><b>Alcalde de Ourol<\/b><\/p>\t\t\t\t\t\t<\/div>\n\t\t\t\t<\/div>\n\t\t\t\t\t<\/div>\n\t\t<\/div>\n\t\t\t\t<div class=\"elementor-column elementor-col-50 elementor-top-column elementor-element elementor-element-5be04d5\" data-id=\"5be04d5\" data-element_type=\"column\">\n\t\t\t<div class=\"elementor-widget-wrap elementor-element-populated\">\n\t\t\t\t\t\t<div class=\"elementor-element elementor-element-98bb23a elementor-widget elementor-widget-image\" data-id=\"98bb23a\" data-element_type=\"widget\" data-widget_type=\"image.default\">\n\t\t\t\t<div class=\"elementor-widget-container\">\n\t\t\t<style>\/*! elementor - v3.21.0 - 08-05-2024 *\/\n.elementor-widget-image{text-align:center}.elementor-widget-image a{display:inline-block}.elementor-widget-image a img[src$=\".svg\"]{width:48px}.elementor-widget-image img{vertical-align:middle;display:inline-block}<\/style>\t\t\t\t\t\t\t\t\t\t<img fetchpriority=\"high\" decoding=\"async\" width=\"500\" height=\"500\" src=\"https:\/\/concellodeourol.es\/wp-content\/uploads\/2024\/05\/alcalde.webp\" class=\"attachment-full size-full wp-image-6409\" alt=\"\" srcset=\"https:\/\/concellodeourol.es\/wp-content\/uploads\/2024\/05\/alcalde.webp 500w, https:\/\/concellodeourol.es\/wp-content\/uploads\/2024\/05\/alcalde-300x300.webp 300w, https:\/\/concellodeourol.es\/wp-content\/uploads\/2024\/05\/alcalde-150x150.webp 150w, https:\/\/concellodeourol.es\/wp-content\/uploads\/2024\/05\/alcalde-100x100.webp 100w\" sizes=\"(max-width: 500px) 100vw, 500px\" \/>\t\t\t\t\t\t\t\t\t\t\t\t\t<\/div>\n\t\t\t\t<\/div>\n\t\t\t\t\t<\/div>\n\t\t<\/div>\n\t\t\t\t\t<\/div>\n\t\t<\/section>\n\t\t<div class=\"elementor-element elementor-element-8fdd738 e-flex e-con-boxed e-con e-parent\" data-id=\"8fdd738\" data-element_type=\"container\">\n\t\t\t\t\t<div class=\"e-con-inner\">\n\t\t\t\t<div class=\"elementor-element elementor-element-e4e6f7d elementor-widget elementor-widget-spacer\" data-id=\"e4e6f7d\" data-element_type=\"widget\" data-widget_type=\"spacer.default\">\n\t\t\t\t<div class=\"elementor-widget-container\">\n\t\t\t<style>\/*! elementor - v3.21.0 - 08-05-2024 *\/\n.elementor-column .elementor-spacer-inner{height:var(--spacer-size)}.e-con{--container-widget-width:100%}.e-con-inner>.elementor-widget-spacer,.e-con>.elementor-widget-spacer{width:var(--container-widget-width,var(--spacer-size));--align-self:var(--container-widget-align-self,initial);--flex-shrink:0}.e-con-inner>.elementor-widget-spacer>.elementor-widget-container,.e-con>.elementor-widget-spacer>.elementor-widget-container{height:100%;width:100%}.e-con-inner>.elementor-widget-spacer>.elementor-widget-container>.elementor-spacer,.e-con>.elementor-widget-spacer>.elementor-widget-container>.elementor-spacer{height:100%}.e-con-inner>.elementor-widget-spacer>.elementor-widget-container>.elementor-spacer>.elementor-spacer-inner,.e-con>.elementor-widget-spacer>.elementor-widget-container>.elementor-spacer>.elementor-spacer-inner{height:var(--container-widget-height,var(--spacer-size))}.e-con-inner>.elementor-widget-spacer.elementor-widget-empty,.e-con>.elementor-widget-spacer.elementor-widget-empty{position:relative;min-height:22px;min-width:22px}.e-con-inner>.elementor-widget-spacer.elementor-widget-empty .elementor-widget-empty-icon,.e-con>.elementor-widget-spacer.elementor-widget-empty .elementor-widget-empty-icon{position:absolute;top:0;bottom:0;left:0;right:0;margin:auto;padding:0;width:22px;height:22px}<\/style>\t\t<div class=\"elementor-spacer\">\n\t\t\t<div class=\"elementor-spacer-inner\"><\/div>\n\t\t<\/div>\n\t\t\t\t<\/div>\n\t\t\t\t<\/div>\n\t\t\t\t\t<\/div>\n\t\t\t\t<\/div>\n\t\t\t\t<\/div>\n\t\t","protected":false},"excerpt":{"rendered":"<p>Bienvenida del Alcalde Desde Ourol, municipio enclavado en el interior de la Mari\u00f1a Occidental, en nombre propio y en el del Ayuntamiento que me honro de presidir, env\u00edo un cari\u00f1oso y sincero saludo a todas aquellas personas que visiten estas p\u00e1ginas y muy especialmente a nuestros vecinos que se encuentran m\u00e1s all\u00e1 de nuestras fronteras, [&hellip;]<\/p>\n","protected":false},"author":1,"featured_media":7749,"parent":0,"menu_order":0,"comment_status":"closed","ping_status":"closed","template":"elementor_header_footer","meta":{"footnotes":""},"class_list":["post-7818","page","type-page","status-publish","has-post-thumbnail","hentry"],"yoast_head":"<!-- This site is optimized with the Yoast SEO plugin v25.0 - https:\/\/yoast.com\/wordpress\/plugins\/seo\/ -->\n<title>Bienvenida del Alcalde - Concello de Ourol<\/title>\n<meta name=\"robots\" content=\"index, follow, max-snippet:-1, max-image-preview:large, max-video-preview:-1\" \/>\n<link rel=\"canonical\" href=\"https:\/\/concellodeourol.es\/es\/benvida-do-alcalde\/\" \/>\n<meta property=\"og:locale\" content=\"es_ES\" \/>\n<meta property=\"og:type\" content=\"article\" \/>\n<meta property=\"og:title\" content=\"Bienvenida del Alcalde - Concello de Ourol\" \/>\n<meta property=\"og:description\" content=\"Bienvenida del Alcalde Desde Ourol, municipio enclavado en el interior de la Mari\u00f1a Occidental, en nombre propio y en el del Ayuntamiento que me honro de presidir, env\u00edo un cari\u00f1oso y sincero saludo a todas aquellas personas que visiten estas p\u00e1ginas y muy especialmente a nuestros vecinos que se encuentran m\u00e1s all\u00e1 de nuestras fronteras, [&hellip;]\" \/>\n<meta property=\"og:url\" content=\"https:\/\/concellodeourol.es\/es\/benvida-do-alcalde\/\" \/>\n<meta property=\"og:site_name\" content=\"Concello de Ourol\" \/>\n<meta property=\"article:publisher\" content=\"https:\/\/www.facebook.com\/ConcelloOurol\/\" \/>\n<meta property=\"article:modified_time\" content=\"2024-07-23T21:22:36+00:00\" \/>\n<meta property=\"og:image\" content=\"https:\/\/concellodeourol.es\/wp-content\/uploads\/2024\/07\/Casa-do-concello-ourol.webp\" \/>\n\t<meta property=\"og:image:width\" content=\"1500\" \/>\n\t<meta property=\"og:image:height\" content=\"1035\" \/>\n\t<meta property=\"og:image:type\" content=\"image\/webp\" \/>\n<meta name=\"twitter:card\" content=\"summary_large_image\" \/>\n<meta name=\"twitter:label1\" content=\"Tiempo de lectura\" \/>\n\t<meta name=\"twitter:data1\" content=\"1 minuto\" \/>\n<script type=\"application\/ld+json\" class=\"yoast-schema-graph\">{\"@context\":\"https:\/\/schema.org\",\"@graph\":[{\"@type\":\"WebPage\",\"@id\":\"https:\/\/concellodeourol.es\/es\/benvida-do-alcalde\/\",\"url\":\"https:\/\/concellodeourol.es\/es\/benvida-do-alcalde\/\",\"name\":\"Bienvenida del Alcalde - Concello de Ourol\",\"isPartOf\":{\"@id\":\"https:\/\/concellodeourol.es\/#website\"},\"primaryImageOfPage\":{\"@id\":\"https:\/\/concellodeourol.es\/es\/benvida-do-alcalde\/#primaryimage\"},\"image\":{\"@id\":\"https:\/\/concellodeourol.es\/es\/benvida-do-alcalde\/#primaryimage\"},\"thumbnailUrl\":\"https:\/\/concellodeourol.es\/wp-content\/uploads\/2024\/07\/Casa-do-concello-ourol.webp\",\"datePublished\":\"2024-05-24T15:54:30+00:00\",\"dateModified\":\"2024-07-23T21:22:36+00:00\",\"breadcrumb\":{\"@id\":\"https:\/\/concellodeourol.es\/es\/benvida-do-alcalde\/#breadcrumb\"},\"inLanguage\":\"es\",\"potentialAction\":[{\"@type\":\"ReadAction\",\"target\":[\"https:\/\/concellodeourol.es\/es\/benvida-do-alcalde\/\"]}]},{\"@type\":\"ImageObject\",\"inLanguage\":\"es\",\"@id\":\"https:\/\/concellodeourol.es\/es\/benvida-do-alcalde\/#primaryimage\",\"url\":\"https:\/\/concellodeourol.es\/wp-content\/uploads\/2024\/07\/Casa-do-concello-ourol.webp\",\"contentUrl\":\"https:\/\/concellodeourol.es\/wp-content\/uploads\/2024\/07\/Casa-do-concello-ourol.webp\",\"width\":1500,\"height\":1035},{\"@type\":\"BreadcrumbList\",\"@id\":\"https:\/\/concellodeourol.es\/es\/benvida-do-alcalde\/#breadcrumb\",\"itemListElement\":[{\"@type\":\"ListItem\",\"position\":1,\"name\":\"Inicio\",\"item\":\"https:\/\/concellodeourol.es\/es\/\"},{\"@type\":\"ListItem\",\"position\":2,\"name\":\"Bienvenida del Alcalde\"}]},{\"@type\":\"WebSite\",\"@id\":\"https:\/\/concellodeourol.es\/#website\",\"url\":\"https:\/\/concellodeourol.es\/\",\"name\":\"Concello de Ourol\",\"description\":\"Informaci\u00f3n y Servicios\",\"publisher\":{\"@id\":\"https:\/\/concellodeourol.es\/#organization\"},\"potentialAction\":[{\"@type\":\"SearchAction\",\"target\":{\"@type\":\"EntryPoint\",\"urlTemplate\":\"https:\/\/concellodeourol.es\/?s={search_term_string}\"},\"query-input\":{\"@type\":\"PropertyValueSpecification\",\"valueRequired\":true,\"valueName\":\"search_term_string\"}}],\"inLanguage\":\"es\"},{\"@type\":\"Organization\",\"@id\":\"https:\/\/concellodeourol.es\/#organization\",\"name\":\"Concello de Ourol\",\"url\":\"https:\/\/concellodeourol.es\/\",\"logo\":{\"@type\":\"ImageObject\",\"inLanguage\":\"es\",\"@id\":\"https:\/\/concellodeourol.es\/#\/schema\/logo\/image\/\",\"url\":\"https:\/\/concellodeourol.es\/wp-content\/uploads\/2024\/05\/Escudo-Horizontal-concello-ourol.webp\",\"contentUrl\":\"https:\/\/concellodeourol.es\/wp-content\/uploads\/2024\/05\/Escudo-Horizontal-concello-ourol.webp\",\"width\":450,\"height\":197,\"caption\":\"Concello de Ourol\"},\"image\":{\"@id\":\"https:\/\/concellodeourol.es\/#\/schema\/logo\/image\/\"},\"sameAs\":[\"https:\/\/www.facebook.com\/ConcelloOurol\/\",\"https:\/\/www.instagram.com\/biblioourol\/?hl=es\"]}]}<\/script>\n<!-- \/ Yoast SEO plugin. -->","yoast_head_json":{"title":"Bienvenida del Alcalde - Concello de Ourol","robots":{"index":"index","follow":"follow","max-snippet":"max-snippet:-1","max-image-preview":"max-image-preview:large","max-video-preview":"max-video-preview:-1"},"canonical":"https:\/\/concellodeourol.es\/es\/benvida-do-alcalde\/","og_locale":"es_ES","og_type":"article","og_title":"Bienvenida del Alcalde - Concello de Ourol","og_description":"Bienvenida del Alcalde Desde Ourol, municipio enclavado en el interior de la Mari\u00f1a Occidental, en nombre propio y en el del Ayuntamiento que me honro de presidir, env\u00edo un cari\u00f1oso y sincero saludo a todas aquellas personas que visiten estas p\u00e1ginas y muy especialmente a nuestros vecinos que se encuentran m\u00e1s all\u00e1 de nuestras fronteras, [&hellip;]","og_url":"https:\/\/concellodeourol.es\/es\/benvida-do-alcalde\/","og_site_name":"Concello de Ourol","article_publisher":"https:\/\/www.facebook.com\/ConcelloOurol\/","article_modified_time":"2024-07-23T21:22:36+00:00","og_image":[{"width":1500,"height":1035,"url":"https:\/\/concellodeourol.es\/wp-content\/uploads\/2024\/07\/Casa-do-concello-ourol.webp","type":"image\/webp"}],"twitter_card":"summary_large_image","twitter_misc":{"Tiempo de lectura":"1 minuto"},"schema":{"@context":"https:\/\/schema.org","@graph":[{"@type":"WebPage","@id":"https:\/\/concellodeourol.es\/es\/benvida-do-alcalde\/","url":"https:\/\/concellodeourol.es\/es\/benvida-do-alcalde\/","name":"Bienvenida del Alcalde - Concello de Ourol","isPartOf":{"@id":"https:\/\/concellodeourol.es\/#website"},"primaryImageOfPage":{"@id":"https:\/\/concellodeourol.es\/es\/benvida-do-alcalde\/#primaryimage"},"image":{"@id":"https:\/\/concellodeourol.es\/es\/benvida-do-alcalde\/#primaryimage"},"thumbnailUrl":"https:\/\/concellodeourol.es\/wp-content\/uploads\/2024\/07\/Casa-do-concello-ourol.webp","datePublished":"2024-05-24T15:54:30+00:00","dateModified":"2024-07-23T21:22:36+00:00","breadcrumb":{"@id":"https:\/\/concellodeourol.es\/es\/benvida-do-alcalde\/#breadcrumb"},"inLanguage":"es","potentialAction":[{"@type":"ReadAction","target":["https:\/\/concellodeourol.es\/es\/benvida-do-alcalde\/"]}]},{"@type":"ImageObject","inLanguage":"es","@id":"https:\/\/concellodeourol.es\/es\/benvida-do-alcalde\/#primaryimage","url":"https:\/\/concellodeourol.es\/wp-content\/uploads\/2024\/07\/Casa-do-concello-ourol.webp","contentUrl":"https:\/\/concellodeourol.es\/wp-content\/uploads\/2024\/07\/Casa-do-concello-ourol.webp","width":1500,"height":1035},{"@type":"BreadcrumbList","@id":"https:\/\/concellodeourol.es\/es\/benvida-do-alcalde\/#breadcrumb","itemListElement":[{"@type":"ListItem","position":1,"name":"Inicio","item":"https:\/\/concellodeourol.es\/es\/"},{"@type":"ListItem","position":2,"name":"Bienvenida del Alcalde"}]},{"@type":"WebSite","@id":"https:\/\/concellodeourol.es\/#website","url":"https:\/\/concellodeourol.es\/","name":"Concello de Ourol","description":"Informaci\u00f3n y Servicios","publisher":{"@id":"https:\/\/concellodeourol.es\/#organization"},"potentialAction":[{"@type":"SearchAction","target":{"@type":"EntryPoint","urlTemplate":"https:\/\/concellodeourol.es\/?s={search_term_string}"},"query-input":{"@type":"PropertyValueSpecification","valueRequired":true,"valueName":"search_term_string"}}],"inLanguage":"es"},{"@type":"Organization","@id":"https:\/\/concellodeourol.es\/#organization","name":"Concello de Ourol","url":"https:\/\/concellodeourol.es\/","logo":{"@type":"ImageObject","inLanguage":"es","@id":"https:\/\/concellodeourol.es\/#\/schema\/logo\/image\/","url":"https:\/\/concellodeourol.es\/wp-content\/uploads\/2024\/05\/Escudo-Horizontal-concello-ourol.webp","contentUrl":"https:\/\/concellodeourol.es\/wp-content\/uploads\/2024\/05\/Escudo-Horizontal-concello-ourol.webp","width":450,"height":197,"caption":"Concello de Ourol"},"image":{"@id":"https:\/\/concellodeourol.es\/#\/schema\/logo\/image\/"},"sameAs":["https:\/\/www.facebook.com\/ConcelloOurol\/","https:\/\/www.instagram.com\/biblioourol\/?hl=es"]}]}},"_links":{"self":[{"href":"https:\/\/concellodeourol.es\/es\/wp-json\/wp\/v2\/pages\/7818"}],"collection":[{"href":"https:\/\/concellodeourol.es\/es\/wp-json\/wp\/v2\/pages"}],"about":[{"href":"https:\/\/concellodeourol.es\/es\/wp-json\/wp\/v2\/types\/page"}],"author":[{"embeddable":true,"href":"https:\/\/concellodeourol.es\/es\/wp-json\/wp\/v2\/users\/1"}],"replies":[{"embeddable":true,"href":"https:\/\/concellodeourol.es\/es\/wp-json\/wp\/v2\/comments?post=7818"}],"version-history":[{"count":6,"href":"https:\/\/concellodeourol.es\/es\/wp-json\/wp\/v2\/pages\/7818\/revisions"}],"predecessor-version":[{"id":7826,"href":"https:\/\/concellodeourol.es\/es\/wp-json\/wp\/v2\/pages\/7818\/revisions\/7826"}],"wp:featuredmedia":[{"embeddable":true,"href":"https:\/\/concellodeourol.es\/es\/wp-json\/wp\/v2\/media\/7749"}],"wp:attachment":[{"href":"https:\/\/concellodeourol.es\/es\/wp-json\/wp\/v2\/media?parent=7818"}],"curies":[{"name":"wp","href":"https:\/\/api.w.org\/{rel}","templated":true}]}}