{"id":7811,"date":"2024-05-27T17:12:12","date_gmt":"2024-05-27T17:12:12","guid":{"rendered":"https:\/\/concellodeourol.es\/a-corporacion-municipal\/"},"modified":"2025-03-07T13:55:06","modified_gmt":"2025-03-07T13:55:06","slug":"a-corporacion-municipal","status":"publish","type":"page","link":"https:\/\/concellodeourol.es\/es\/a-corporacion-municipal\/","title":{"rendered":"La Corporaci\u00f3n Municipal"},"content":{"rendered":"\t\t<div data-elementor-type=\"wp-page\" data-elementor-id=\"7811\" class=\"elementor elementor-7811 elementor-6433\">\n\t\t\t\t\t\t<section class=\"elementor-section elementor-top-section elementor-element elementor-element-7501fb9 elementor-section-boxed elementor-section-height-default elementor-section-height-default\" data-id=\"7501fb9\" data-element_type=\"section\" data-settings=\"{&quot;background_background&quot;:&quot;classic&quot;}\">\n\t\t\t\t\t\t<div class=\"elementor-container elementor-column-gap-default\">\n\t\t\t\t\t<div class=\"elementor-column elementor-col-50 elementor-top-column elementor-element elementor-element-734e80b\" data-id=\"734e80b\" data-element_type=\"column\">\n\t\t\t<div class=\"elementor-widget-wrap elementor-element-populated\">\n\t\t\t\t\t\t<div class=\"elementor-element elementor-element-e40bdaa elementor-widget elementor-widget-ova_heading\" data-id=\"e40bdaa\" data-element_type=\"widget\" data-widget_type=\"ova_heading.default\">\n\t\t\t\t<div class=\"elementor-widget-container\">\n\t\t\t\t\t<div class=\"ova-heading\">\n\t\t\t\n\t\t\t\t\t\t\t<h3 class=\"title second_font\">La Corporaci\u00f3n Municipal<\/h3>\n\t\t\t\n\t\t\t\n\t\t<\/div>\n\t\t\t\t<\/div>\n\t\t\t\t<\/div>\n\t\t\t\t\t<\/div>\n\t\t<\/div>\n\t\t\t\t<div class=\"elementor-column elementor-col-50 elementor-top-column elementor-element elementor-element-c50890d\" data-id=\"c50890d\" data-element_type=\"column\">\n\t\t\t<div class=\"elementor-widget-wrap\">\n\t\t\t\t\t\t\t<\/div>\n\t\t<\/div>\n\t\t\t\t\t<\/div>\n\t\t<\/section>\n\t\t\t\t<section class=\"elementor-section elementor-top-section elementor-element elementor-element-b1e14fa elementor-section-boxed elementor-section-height-default elementor-section-height-default\" data-id=\"b1e14fa\" data-element_type=\"section\" data-settings=\"{&quot;background_background&quot;:&quot;classic&quot;}\">\n\t\t\t\t\t\t<div class=\"elementor-container elementor-column-gap-default\">\n\t\t\t\t\t<div class=\"elementor-column elementor-col-50 elementor-top-column elementor-element elementor-element-fe46963\" data-id=\"fe46963\" data-element_type=\"column\">\n\t\t\t<div class=\"elementor-widget-wrap elementor-element-populated\">\n\t\t\t\t\t\t<div class=\"elementor-element elementor-element-4c0a980 elementor-widget__width-initial elementor-widget elementor-widget-image\" data-id=\"4c0a980\" data-element_type=\"widget\" data-widget_type=\"image.default\">\n\t\t\t\t<div class=\"elementor-widget-container\">\n\t\t\t<style>\/*! elementor - v3.21.0 - 08-05-2024 *\/\n.elementor-widget-image{text-align:center}.elementor-widget-image a{display:inline-block}.elementor-widget-image a img[src$=\".svg\"]{width:48px}.elementor-widget-image img{vertical-align:middle;display:inline-block}<\/style>\t\t\t\t\t\t\t\t\t\t<img fetchpriority=\"high\" decoding=\"async\" width=\"1200\" height=\"900\" src=\"https:\/\/concellodeourol.es\/wp-content\/uploads\/2024\/05\/salon-de-plenos-1.webp\" class=\"attachment-full size-full wp-image-6436\" alt=\"\" srcset=\"https:\/\/concellodeourol.es\/wp-content\/uploads\/2024\/05\/salon-de-plenos-1.webp 1200w, https:\/\/concellodeourol.es\/wp-content\/uploads\/2024\/05\/salon-de-plenos-1-300x225.webp 300w, https:\/\/concellodeourol.es\/wp-content\/uploads\/2024\/05\/salon-de-plenos-1-1024x768.webp 1024w, https:\/\/concellodeourol.es\/wp-content\/uploads\/2024\/05\/salon-de-plenos-1-768x576.webp 768w, https:\/\/concellodeourol.es\/wp-content\/uploads\/2024\/05\/salon-de-plenos-1-600x450.webp 600w, https:\/\/concellodeourol.es\/wp-content\/uploads\/2024\/05\/salon-de-plenos-1-560x420.webp 560w\" sizes=\"(max-width: 1200px) 100vw, 1200px\" \/>\t\t\t\t\t\t\t\t\t\t\t\t\t<\/div>\n\t\t\t\t<\/div>\n\t\t\t\t\t<\/div>\n\t\t<\/div>\n\t\t\t\t<div class=\"elementor-column elementor-col-50 elementor-top-column elementor-element elementor-element-75309b1\" data-id=\"75309b1\" data-element_type=\"column\">\n\t\t\t<div class=\"elementor-widget-wrap elementor-element-populated\">\n\t\t\t\t\t\t<div class=\"elementor-element elementor-element-8e3d3d6 elementor-widget elementor-widget-text-editor\" data-id=\"8e3d3d6\" data-element_type=\"widget\" data-widget_type=\"text-editor.default\">\n\t\t\t\t<div class=\"elementor-widget-container\">\n\t\t\t<style>\/*! elementor - v3.21.0 - 08-05-2024 *\/\n.elementor-widget-text-editor.elementor-drop-cap-view-stacked .elementor-drop-cap{background-color:#69727d;color:#fff}.elementor-widget-text-editor.elementor-drop-cap-view-framed .elementor-drop-cap{color:#69727d;border:3px solid;background-color:transparent}.elementor-widget-text-editor:not(.elementor-drop-cap-view-default) .elementor-drop-cap{margin-top:8px}.elementor-widget-text-editor:not(.elementor-drop-cap-view-default) .elementor-drop-cap-letter{width:1em;height:1em}.elementor-widget-text-editor .elementor-drop-cap{float:left;text-align:center;line-height:1;font-size:50px}.elementor-widget-text-editor .elementor-drop-cap-letter{display:inline-block}<\/style>\t\t\t\t<h4><b>PARTIDO SOCIALISTA OBRERO ESPA\u00d1OL (PSOE)<\/b><\/h4>\t\t\t\t\t\t<\/div>\n\t\t\t\t<\/div>\n\t\t\t\t<div class=\"elementor-element elementor-element-42f6112 elementor-widget elementor-widget-ova_list_checked\" data-id=\"42f6112\" data-element_type=\"widget\" data-widget_type=\"ova_list_checked.default\">\n\t\t\t\t<div class=\"elementor-widget-container\">\n\t\t\t\t\t\n\t\t<div class=\"ova_list_checked\" >\n\t\t\t\t\t\t\t<ul>\n\t\t\t\t\t\t\t\t\t<li class=\"item\">\n\t\t\t\t\t\t<i data-feather=\"check-circle\"><\/i>\n\t\t\t\t\t\t<span>Don Jos\u00e9 Luis Paj\u00f3n Camba (Alcalde \u2013 Presidente).<\/span>\n\t\t\t\t\t<\/li>\n\t\t\t\t\t\t\t\t\t<li class=\"item\">\n\t\t\t\t\t\t<i data-feather=\"check-circle\"><\/i>\n\t\t\t\t\t\t<span>Don V\u00edctor Garc\u00eda Rodr\u00edguez (independiente).<\/span>\n\t\t\t\t\t<\/li>\n\t\t\t\t\t\t\t\t\t<li class=\"item\">\n\t\t\t\t\t\t<i data-feather=\"check-circle\"><\/i>\n\t\t\t\t\t\t<span>Do\u00f1a Mar\u00eda Regina Pe\u00f1a Mart\u00ednez.<\/span>\n\t\t\t\t\t<\/li>\n\t\t\t\t\t\t\t\t\t<li class=\"item\">\n\t\t\t\t\t\t<i data-feather=\"check-circle\"><\/i>\n\t\t\t\t\t\t<span>Don Manuel Barro Iravedra<\/span>\n\t\t\t\t\t<\/li>\n\t\t\t\t\t\t\t\t<\/ul>\n\t\t\t\n\t\t<\/div>\n\n\t\t\t\t<\/div>\n\t\t\t\t<\/div>\n\t\t\t\t<div class=\"elementor-element elementor-element-c330c37 elementor-widget elementor-widget-text-editor\" data-id=\"c330c37\" data-element_type=\"widget\" data-widget_type=\"text-editor.default\">\n\t\t\t\t<div class=\"elementor-widget-container\">\n\t\t\t\t\t\t\t<h4><b>PARTIDO\u00a0\u00a0POPULAR (PP)<\/b><\/h4>\t\t\t\t\t\t<\/div>\n\t\t\t\t<\/div>\n\t\t\t\t<div class=\"elementor-element elementor-element-702e566 elementor-widget elementor-widget-ova_list_checked\" data-id=\"702e566\" data-element_type=\"widget\" data-widget_type=\"ova_list_checked.default\">\n\t\t\t\t<div class=\"elementor-widget-container\">\n\t\t\t\t\t\n\t\t<div class=\"ova_list_checked\" >\n\t\t\t\t\t\t\t<ul>\n\t\t\t\t\t\t\t\t\t<li class=\"item\">\n\t\t\t\t\t\t<i data-feather=\"check-circle\"><\/i>\n\t\t\t\t\t\t<span>Don Jos\u00e9 Hermida Corbelle.<\/span>\n\t\t\t\t\t<\/li>\n\t\t\t\t\t\t\t\t\t<li class=\"item\">\n\t\t\t\t\t\t<i data-feather=\"check-circle\"><\/i>\n\t\t\t\t\t\t<span>Don Miguel L\u00f3pez Pi\u00f1\u00f3n.<\/span>\n\t\t\t\t\t<\/li>\n\t\t\t\t\t\t\t\t<\/ul>\n\t\t\t\n\t\t<\/div>\n\n\t\t\t\t<\/div>\n\t\t\t\t<\/div>\n\t\t\t\t<div class=\"elementor-element elementor-element-23faaeb elementor-widget elementor-widget-text-editor\" data-id=\"23faaeb\" data-element_type=\"widget\" data-widget_type=\"text-editor.default\">\n\t\t\t\t<div class=\"elementor-widget-container\">\n\t\t\t\t\t\t\t<h4><b>CONCEJALES NO ADSCRITOS<\/b><\/h4>\t\t\t\t\t\t<\/div>\n\t\t\t\t<\/div>\n\t\t\t\t<div class=\"elementor-element elementor-element-c284f2c elementor-widget elementor-widget-ova_list_checked\" data-id=\"c284f2c\" data-element_type=\"widget\" data-widget_type=\"ova_list_checked.default\">\n\t\t\t\t<div class=\"elementor-widget-container\">\n\t\t\t\t\t\n\t\t<div class=\"ova_list_checked\" >\n\t\t\t\t\t\t\t<ul>\n\t\t\t\t\t\t\t\t\t<li class=\"item\">\n\t\t\t\t\t\t<i data-feather=\"check-circle\"><\/i>\n\t\t\t\t\t\t<span>Do\u00f1a Ana Mar\u00eda Rico Pernas.<\/span>\n\t\t\t\t\t<\/li>\n\t\t\t\t\t\t\t\t<\/ul>\n\t\t\t\n\t\t<\/div>\n\n\t\t\t\t<\/div>\n\t\t\t\t<\/div>\n\t\t\t\t\t<\/div>\n\t\t<\/div>\n\t\t\t\t\t<\/div>\n\t\t<\/section>\n\t\t<div class=\"elementor-element elementor-element-fa2af7d e-flex e-con-boxed e-con e-parent\" data-id=\"fa2af7d\" data-element_type=\"container\">\n\t\t\t\t\t<div class=\"e-con-inner\">\n\t\t\t\t<div class=\"elementor-element elementor-element-506a036 elementor-widget elementor-widget-spacer\" data-id=\"506a036\" data-element_type=\"widget\" data-widget_type=\"spacer.default\">\n\t\t\t\t<div class=\"elementor-widget-container\">\n\t\t\t<style>\/*! elementor - v3.21.0 - 08-05-2024 *\/\n.elementor-column .elementor-spacer-inner{height:var(--spacer-size)}.e-con{--container-widget-width:100%}.e-con-inner>.elementor-widget-spacer,.e-con>.elementor-widget-spacer{width:var(--container-widget-width,var(--spacer-size));--align-self:var(--container-widget-align-self,initial);--flex-shrink:0}.e-con-inner>.elementor-widget-spacer>.elementor-widget-container,.e-con>.elementor-widget-spacer>.elementor-widget-container{height:100%;width:100%}.e-con-inner>.elementor-widget-spacer>.elementor-widget-container>.elementor-spacer,.e-con>.elementor-widget-spacer>.elementor-widget-container>.elementor-spacer{height:100%}.e-con-inner>.elementor-widget-spacer>.elementor-widget-container>.elementor-spacer>.elementor-spacer-inner,.e-con>.elementor-widget-spacer>.elementor-widget-container>.elementor-spacer>.elementor-spacer-inner{height:var(--container-widget-height,var(--spacer-size))}.e-con-inner>.elementor-widget-spacer.elementor-widget-empty,.e-con>.elementor-widget-spacer.elementor-widget-empty{position:relative;min-height:22px;min-width:22px}.e-con-inner>.elementor-widget-spacer.elementor-widget-empty .elementor-widget-empty-icon,.e-con>.elementor-widget-spacer.elementor-widget-empty .elementor-widget-empty-icon{position:absolute;top:0;bottom:0;left:0;right:0;margin:auto;padding:0;width:22px;height:22px}<\/style>\t\t<div class=\"elementor-spacer\">\n\t\t\t<div class=\"elementor-spacer-inner\"><\/div>\n\t\t<\/div>\n\t\t\t\t<\/div>\n\t\t\t\t<\/div>\n\t\t\t\t\t<\/div>\n\t\t\t\t<\/div>\n\t\t\t\t<\/div>\n\t\t","protected":false},"excerpt":{"rendered":"<p>La Corporaci\u00f3n Municipal PARTIDO SOCIALISTA OBRERO ESPA\u00d1OL (PSOE) Don Jos\u00e9 Luis Paj\u00f3n Camba (Alcalde \u2013 Presidente). Don V\u00edctor Garc\u00eda Rodr\u00edguez (independiente). Do\u00f1a Mar\u00eda Regina Pe\u00f1a Mart\u00ednez. Don Manuel Barro Iravedra PARTIDO\u00a0\u00a0POPULAR (PP) Don Jos\u00e9 Hermida Corbelle. Don Miguel L\u00f3pez Pi\u00f1\u00f3n. CONCEJALES NO ADSCRITOS Do\u00f1a Ana Mar\u00eda Rico Pernas.<\/p>\n","protected":false},"author":1,"featured_media":7749,"parent":0,"menu_order":0,"comment_status":"closed","ping_status":"closed","template":"elementor_header_footer","meta":{"footnotes":""},"class_list":["post-7811","page","type-page","status-publish","has-post-thumbnail","hentry"],"yoast_head":"<!-- This site is optimized with the Yoast SEO plugin v25.0 - https:\/\/yoast.com\/wordpress\/plugins\/seo\/ -->\n<title>La Corporaci\u00f3n Municipal - Concello de Ourol<\/title>\n<meta name=\"robots\" content=\"index, follow, max-snippet:-1, max-image-preview:large, max-video-preview:-1\" \/>\n<link rel=\"canonical\" href=\"https:\/\/concellodeourol.es\/es\/a-corporacion-municipal\/\" \/>\n<meta property=\"og:locale\" content=\"es_ES\" \/>\n<meta property=\"og:type\" content=\"article\" \/>\n<meta property=\"og:title\" content=\"La Corporaci\u00f3n Municipal - Concello de Ourol\" \/>\n<meta property=\"og:description\" content=\"La Corporaci\u00f3n Municipal PARTIDO SOCIALISTA OBRERO ESPA\u00d1OL (PSOE) Don Jos\u00e9 Luis Paj\u00f3n Camba (Alcalde \u2013 Presidente). Don V\u00edctor Garc\u00eda Rodr\u00edguez (independiente). Do\u00f1a Mar\u00eda Regina Pe\u00f1a Mart\u00ednez. Don Manuel Barro Iravedra PARTIDO\u00a0\u00a0POPULAR (PP) Don Jos\u00e9 Hermida Corbelle. Don Miguel L\u00f3pez Pi\u00f1\u00f3n. CONCEJALES NO ADSCRITOS Do\u00f1a Ana Mar\u00eda Rico Pernas.\" \/>\n<meta property=\"og:url\" content=\"https:\/\/concellodeourol.es\/es\/a-corporacion-municipal\/\" \/>\n<meta property=\"og:site_name\" content=\"Concello de Ourol\" \/>\n<meta property=\"article:publisher\" content=\"https:\/\/www.facebook.com\/ConcelloOurol\/\" \/>\n<meta property=\"article:modified_time\" content=\"2025-03-07T13:55:06+00:00\" \/>\n<meta property=\"og:image\" content=\"https:\/\/concellodeourol.es\/wp-content\/uploads\/2024\/07\/Casa-do-concello-ourol.webp\" \/>\n\t<meta property=\"og:image:width\" content=\"1500\" \/>\n\t<meta property=\"og:image:height\" content=\"1035\" \/>\n\t<meta property=\"og:image:type\" content=\"image\/webp\" \/>\n<meta name=\"twitter:card\" content=\"summary_large_image\" \/>\n<meta name=\"twitter:label1\" content=\"Tiempo de lectura\" \/>\n\t<meta name=\"twitter:data1\" content=\"1 minuto\" \/>\n<script type=\"application\/ld+json\" class=\"yoast-schema-graph\">{\"@context\":\"https:\/\/schema.org\",\"@graph\":[{\"@type\":\"WebPage\",\"@id\":\"https:\/\/concellodeourol.es\/es\/a-corporacion-municipal\/\",\"url\":\"https:\/\/concellodeourol.es\/es\/a-corporacion-municipal\/\",\"name\":\"La Corporaci\u00f3n Municipal - Concello de Ourol\",\"isPartOf\":{\"@id\":\"https:\/\/concellodeourol.es\/#website\"},\"primaryImageOfPage\":{\"@id\":\"https:\/\/concellodeourol.es\/es\/a-corporacion-municipal\/#primaryimage\"},\"image\":{\"@id\":\"https:\/\/concellodeourol.es\/es\/a-corporacion-municipal\/#primaryimage\"},\"thumbnailUrl\":\"https:\/\/concellodeourol.es\/wp-content\/uploads\/2024\/07\/Casa-do-concello-ourol.webp\",\"datePublished\":\"2024-05-27T17:12:12+00:00\",\"dateModified\":\"2025-03-07T13:55:06+00:00\",\"breadcrumb\":{\"@id\":\"https:\/\/concellodeourol.es\/es\/a-corporacion-municipal\/#breadcrumb\"},\"inLanguage\":\"es\",\"potentialAction\":[{\"@type\":\"ReadAction\",\"target\":[\"https:\/\/concellodeourol.es\/es\/a-corporacion-municipal\/\"]}]},{\"@type\":\"ImageObject\",\"inLanguage\":\"es\",\"@id\":\"https:\/\/concellodeourol.es\/es\/a-corporacion-municipal\/#primaryimage\",\"url\":\"https:\/\/concellodeourol.es\/wp-content\/uploads\/2024\/07\/Casa-do-concello-ourol.webp\",\"contentUrl\":\"https:\/\/concellodeourol.es\/wp-content\/uploads\/2024\/07\/Casa-do-concello-ourol.webp\",\"width\":1500,\"height\":1035},{\"@type\":\"BreadcrumbList\",\"@id\":\"https:\/\/concellodeourol.es\/es\/a-corporacion-municipal\/#breadcrumb\",\"itemListElement\":[{\"@type\":\"ListItem\",\"position\":1,\"name\":\"Inicio\",\"item\":\"https:\/\/concellodeourol.es\/es\/\"},{\"@type\":\"ListItem\",\"position\":2,\"name\":\"La Corporaci\u00f3n Municipal\"}]},{\"@type\":\"WebSite\",\"@id\":\"https:\/\/concellodeourol.es\/#website\",\"url\":\"https:\/\/concellodeourol.es\/\",\"name\":\"Concello de Ourol\",\"description\":\"Informaci\u00f3n y Servicios\",\"publisher\":{\"@id\":\"https:\/\/concellodeourol.es\/#organization\"},\"potentialAction\":[{\"@type\":\"SearchAction\",\"target\":{\"@type\":\"EntryPoint\",\"urlTemplate\":\"https:\/\/concellodeourol.es\/?s={search_term_string}\"},\"query-input\":{\"@type\":\"PropertyValueSpecification\",\"valueRequired\":true,\"valueName\":\"search_term_string\"}}],\"inLanguage\":\"es\"},{\"@type\":\"Organization\",\"@id\":\"https:\/\/concellodeourol.es\/#organization\",\"name\":\"Concello de Ourol\",\"url\":\"https:\/\/concellodeourol.es\/\",\"logo\":{\"@type\":\"ImageObject\",\"inLanguage\":\"es\",\"@id\":\"https:\/\/concellodeourol.es\/#\/schema\/logo\/image\/\",\"url\":\"https:\/\/concellodeourol.es\/wp-content\/uploads\/2024\/05\/Escudo-Horizontal-concello-ourol.webp\",\"contentUrl\":\"https:\/\/concellodeourol.es\/wp-content\/uploads\/2024\/05\/Escudo-Horizontal-concello-ourol.webp\",\"width\":450,\"height\":197,\"caption\":\"Concello de Ourol\"},\"image\":{\"@id\":\"https:\/\/concellodeourol.es\/#\/schema\/logo\/image\/\"},\"sameAs\":[\"https:\/\/www.facebook.com\/ConcelloOurol\/\",\"https:\/\/www.instagram.com\/biblioourol\/?hl=es\"]}]}<\/script>\n<!-- \/ Yoast SEO plugin. -->","yoast_head_json":{"title":"La Corporaci\u00f3n Municipal - Concello de Ourol","robots":{"index":"index","follow":"follow","max-snippet":"max-snippet:-1","max-image-preview":"max-image-preview:large","max-video-preview":"max-video-preview:-1"},"canonical":"https:\/\/concellodeourol.es\/es\/a-corporacion-municipal\/","og_locale":"es_ES","og_type":"article","og_title":"La Corporaci\u00f3n Municipal - Concello de Ourol","og_description":"La Corporaci\u00f3n Municipal PARTIDO SOCIALISTA OBRERO ESPA\u00d1OL (PSOE) Don Jos\u00e9 Luis Paj\u00f3n Camba (Alcalde \u2013 Presidente). Don V\u00edctor Garc\u00eda Rodr\u00edguez (independiente). Do\u00f1a Mar\u00eda Regina Pe\u00f1a Mart\u00ednez. Don Manuel Barro Iravedra PARTIDO\u00a0\u00a0POPULAR (PP) Don Jos\u00e9 Hermida Corbelle. Don Miguel L\u00f3pez Pi\u00f1\u00f3n. CONCEJALES NO ADSCRITOS Do\u00f1a Ana Mar\u00eda Rico Pernas.","og_url":"https:\/\/concellodeourol.es\/es\/a-corporacion-municipal\/","og_site_name":"Concello de Ourol","article_publisher":"https:\/\/www.facebook.com\/ConcelloOurol\/","article_modified_time":"2025-03-07T13:55:06+00:00","og_image":[{"width":1500,"height":1035,"url":"https:\/\/concellodeourol.es\/wp-content\/uploads\/2024\/07\/Casa-do-concello-ourol.webp","type":"image\/webp"}],"twitter_card":"summary_large_image","twitter_misc":{"Tiempo de lectura":"1 minuto"},"schema":{"@context":"https:\/\/schema.org","@graph":[{"@type":"WebPage","@id":"https:\/\/concellodeourol.es\/es\/a-corporacion-municipal\/","url":"https:\/\/concellodeourol.es\/es\/a-corporacion-municipal\/","name":"La Corporaci\u00f3n Municipal - Concello de Ourol","isPartOf":{"@id":"https:\/\/concellodeourol.es\/#website"},"primaryImageOfPage":{"@id":"https:\/\/concellodeourol.es\/es\/a-corporacion-municipal\/#primaryimage"},"image":{"@id":"https:\/\/concellodeourol.es\/es\/a-corporacion-municipal\/#primaryimage"},"thumbnailUrl":"https:\/\/concellodeourol.es\/wp-content\/uploads\/2024\/07\/Casa-do-concello-ourol.webp","datePublished":"2024-05-27T17:12:12+00:00","dateModified":"2025-03-07T13:55:06+00:00","breadcrumb":{"@id":"https:\/\/concellodeourol.es\/es\/a-corporacion-municipal\/#breadcrumb"},"inLanguage":"es","potentialAction":[{"@type":"ReadAction","target":["https:\/\/concellodeourol.es\/es\/a-corporacion-municipal\/"]}]},{"@type":"ImageObject","inLanguage":"es","@id":"https:\/\/concellodeourol.es\/es\/a-corporacion-municipal\/#primaryimage","url":"https:\/\/concellodeourol.es\/wp-content\/uploads\/2024\/07\/Casa-do-concello-ourol.webp","contentUrl":"https:\/\/concellodeourol.es\/wp-content\/uploads\/2024\/07\/Casa-do-concello-ourol.webp","width":1500,"height":1035},{"@type":"BreadcrumbList","@id":"https:\/\/concellodeourol.es\/es\/a-corporacion-municipal\/#breadcrumb","itemListElement":[{"@type":"ListItem","position":1,"name":"Inicio","item":"https:\/\/concellodeourol.es\/es\/"},{"@type":"ListItem","position":2,"name":"La Corporaci\u00f3n Municipal"}]},{"@type":"WebSite","@id":"https:\/\/concellodeourol.es\/#website","url":"https:\/\/concellodeourol.es\/","name":"Concello de Ourol","description":"Informaci\u00f3n y Servicios","publisher":{"@id":"https:\/\/concellodeourol.es\/#organization"},"potentialAction":[{"@type":"SearchAction","target":{"@type":"EntryPoint","urlTemplate":"https:\/\/concellodeourol.es\/?s={search_term_string}"},"query-input":{"@type":"PropertyValueSpecification","valueRequired":true,"valueName":"search_term_string"}}],"inLanguage":"es"},{"@type":"Organization","@id":"https:\/\/concellodeourol.es\/#organization","name":"Concello de Ourol","url":"https:\/\/concellodeourol.es\/","logo":{"@type":"ImageObject","inLanguage":"es","@id":"https:\/\/concellodeourol.es\/#\/schema\/logo\/image\/","url":"https:\/\/concellodeourol.es\/wp-content\/uploads\/2024\/05\/Escudo-Horizontal-concello-ourol.webp","contentUrl":"https:\/\/concellodeourol.es\/wp-content\/uploads\/2024\/05\/Escudo-Horizontal-concello-ourol.webp","width":450,"height":197,"caption":"Concello de Ourol"},"image":{"@id":"https:\/\/concellodeourol.es\/#\/schema\/logo\/image\/"},"sameAs":["https:\/\/www.facebook.com\/ConcelloOurol\/","https:\/\/www.instagram.com\/biblioourol\/?hl=es"]}]}},"_links":{"self":[{"href":"https:\/\/concellodeourol.es\/es\/wp-json\/wp\/v2\/pages\/7811"}],"collection":[{"href":"https:\/\/concellodeourol.es\/es\/wp-json\/wp\/v2\/pages"}],"about":[{"href":"https:\/\/concellodeourol.es\/es\/wp-json\/wp\/v2\/types\/page"}],"author":[{"embeddable":true,"href":"https:\/\/concellodeourol.es\/es\/wp-json\/wp\/v2\/users\/1"}],"replies":[{"embeddable":true,"href":"https:\/\/concellodeourol.es\/es\/wp-json\/wp\/v2\/comments?post=7811"}],"version-history":[{"count":14,"href":"https:\/\/concellodeourol.es\/es\/wp-json\/wp\/v2\/pages\/7811\/revisions"}],"predecessor-version":[{"id":8409,"href":"https:\/\/concellodeourol.es\/es\/wp-json\/wp\/v2\/pages\/7811\/revisions\/8409"}],"wp:featuredmedia":[{"embeddable":true,"href":"https:\/\/concellodeourol.es\/es\/wp-json\/wp\/v2\/media\/7749"}],"wp:attachment":[{"href":"https:\/\/concellodeourol.es\/es\/wp-json\/wp\/v2\/media?parent=7811"}],"curies":[{"name":"wp","href":"https:\/\/api.w.org\/{rel}","templated":true}]}}